{"id":829,"date":"2019-06-11T16:45:21","date_gmt":"2019-06-11T16:45:21","guid":{"rendered":"https:\/\/ipega.ar\/?post_type=product&#038;p=829"},"modified":"2020-04-30T01:00:54","modified_gmt":"2020-04-30T01:00:54","slug":"9037-ipega","status":"publish","type":"product","link":"https:\/\/ipega.ar\/?product=9037-ipega","title":{"rendered":"9037 Wireless Controller"},"content":{"rendered":"\t\t<div data-elementor-type=\"wp-post\" data-elementor-id=\"829\" class=\"elementor elementor-829\" data-elementor-post-type=\"product\">\n\t\t\t\t\t\t\t\t\t<section class=\"elementor-section elementor-top-section elementor-element elementor-element-380bf793 elementor-section-boxed elementor-section-height-default elementor-section-height-default\" data-id=\"380bf793\" data-element_type=\"section\">\n\t\t\t\t\t\t<div class=\"elementor-container elementor-column-gap-default\">\n\t\t\t\t\t<div class=\"elementor-column elementor-col-100 elementor-top-column elementor-element elementor-element-5d629222 elementor-invisible\" data-id=\"5d629222\" data-element_type=\"column\" data-settings=\"{&quot;animation&quot;:&quot;bounceInLeft&quot;}\">\n\t\t\t<div class=\"elementor-widget-wrap elementor-element-populated\">\n\t\t\t\t\t\t\t\t<div class=\"elementor-element elementor-element-6ec06230 elementor-widget elementor-widget-text-editor\" data-id=\"6ec06230\" data-element_type=\"widget\" data-widget_type=\"text-editor.default\">\n\t\t\t\t<div class=\"elementor-widget-container\">\n\t\t\t\t\t\t\t<p>El ipega 9037 gamepad con forma 360 es un nuevo controlador inal\u00e1mbrico Bluetooth, que admite diferentes juegos de plataforma, como Android \/ PC.<\/p><p><em><strong>1. Sin ning\u00fan controlador y se puede utilizar despu\u00e9s de emparejar con Bluetooth.<\/strong><\/em><\/p><hr \/><p><em><strong>2. Apoyo a una variedad de plataformas de aplicaciones de juegos, controlador cl\u00e1sico en el master (micro game hall, chicken simulator, KO video game city, grape game hall);<\/strong><\/em><\/p><hr \/><p><em><strong>3. Construido en bater\u00eda de litio (380mAh), 16H se puede usar de manera segura y confiable despu\u00e9s de la carga.<\/strong><\/em><\/p><hr \/><p><em><strong>4.El controlador ipega 9037360 Bluetooth tiene un soporte telesc\u00f3pico, que puede soportar 6 pulgadas de tel\u00e9fono m\u00f3vil.<\/strong><\/em><\/p><hr \/><p><em><strong>5.Las distancias de transmisi\u00f3n inal\u00e1mbrica Bluetooth 3.0: 6-8 metros.<\/strong><\/em><\/p><hr \/><p><em><strong>6.Puede ingresar al modo de ahorro en el estado sin conexi\u00f3n.<\/strong><\/em><\/p><hr \/><p><em><strong>7.Soporta Android 3.2<\/strong><\/em><\/p><hr \/><p><em><strong>8.WinXP \/ Win7 \/ Win8, Android Stand, Android TV;<\/strong><\/em><\/p><hr \/><p><em><strong>10. El sistema Android es compatible con la gran mayor\u00eda de juegos grandes y simuladores (como MC4, Wild blood, Dungeon Hunter, Zombie, FC simulator, GBA simulator, street simulator, SFC simulator, N64 simulator, Shadowgun, FC, etc..)<\/strong><\/em><\/p><hr \/><p>Se puede utilizar cuando se conecta con el dispositivo habilitado para Bluetooth (es decir, tel\u00e9fono inteligente, tabletas, TV inteligente, etc.) sin ning\u00fan controlador.<\/p><p>Juegos compatibles con el modo de rat\u00f3n: como Fruit Ninja, Pleants VS Zombies, Flappy Bird, Angry Birds, Sky Force, Sky, etc.<\/p>\t\t\t\t\t\t<\/div>\n\t\t\t\t<\/div>\n\t\t\t\t<div class=\"elementor-element elementor-element-28cc492 elementor-widget elementor-widget-spacer\" data-id=\"28cc492\" data-element_type=\"widget\" data-widget_type=\"spacer.default\">\n\t\t\t\t<div class=\"elementor-widget-container\">\n\t\t\t\t\t<div class=\"elementor-spacer\">\n\t\t\t<div class=\"elementor-spacer-inner\"><\/div>\n\t\t<\/div>\n\t\t\t\t<\/div>\n\t\t\t\t<\/div>\n\t\t\t\t\t<\/div>\n\t\t<\/div>\n\t\t\t\t\t\t\t<\/div>\n\t\t<\/section>\n\t\t\t\t\t\t\t<\/div>\n\t\t","protected":false},"excerpt":{"rendered":"<p>El ipega 9037 gamepad con forma 360 es un nuevo controlador inal\u00e1mbrico Bluetooth, que admite diferentes juegos de plataforma, como Android \/ PC.<\/p>\n","protected":false},"featured_media":384,"template":"","meta":[],"product_cat":[43],"product_tag":[],"yoast_head":"<!-- This site is optimized with the Yoast SEO plugin v21.7 - https:\/\/yoast.com\/wordpress\/plugins\/seo\/ -->\n<title>9037 Wireless Controller &#8211; ipega<\/title>\n<meta name=\"robots\" content=\"index, follow, max-snippet:-1, max-image-preview:large, max-video-preview:-1\" \/>\n<link rel=\"canonical\" href=\"https:\/\/ipega.ar\/?product=9037-ipega\" \/>\n<meta property=\"og:locale\" content=\"es_ES\" \/>\n<meta property=\"og:type\" content=\"article\" \/>\n<meta property=\"og:title\" content=\"9037 Wireless Controller &#8211; ipega\" \/>\n<meta property=\"og:description\" content=\"El ipega 9037 gamepad con forma 360 es un nuevo controlador inal\u00e1mbrico Bluetooth, que admite diferentes juegos de plataforma, como Android \/ PC.\" \/>\n<meta property=\"og:url\" content=\"https:\/\/ipega.ar\/?product=9037-ipega\" \/>\n<meta property=\"og:site_name\" content=\"ipega\" \/>\n<meta property=\"article:publisher\" content=\"https:\/\/www.facebook.com\/ipegaoficial\/\" \/>\n<meta property=\"article:modified_time\" content=\"2020-04-30T01:00:54+00:00\" \/>\n<meta property=\"og:image\" content=\"https:\/\/ipega.ar\/wp-content\/uploads\/2019\/05\/9037-1.jpg\" \/>\n\t<meta property=\"og:image:width\" content=\"800\" \/>\n\t<meta property=\"og:image:height\" content=\"800\" \/>\n\t<meta property=\"og:image:type\" content=\"image\/jpeg\" \/>\n<meta name=\"twitter:card\" content=\"summary_large_image\" \/>\n<meta name=\"twitter:label1\" content=\"Tiempo de lectura\" \/>\n\t<meta name=\"twitter:data1\" content=\"1 minuto\" \/>\n<script type=\"application\/ld+json\" class=\"yoast-schema-graph\">{\"@context\":\"https:\/\/schema.org\",\"@graph\":[{\"@type\":\"WebPage\",\"@id\":\"https:\/\/ipega.ar\/?product=9037-ipega\",\"url\":\"https:\/\/ipega.ar\/?product=9037-ipega\",\"name\":\"9037 Wireless Controller &#8211; ipega\",\"isPartOf\":{\"@id\":\"https:\/\/ipega.ar\/#website\"},\"datePublished\":\"2019-06-11T16:45:21+00:00\",\"dateModified\":\"2020-04-30T01:00:54+00:00\",\"breadcrumb\":{\"@id\":\"https:\/\/ipega.ar\/?product=9037-ipega#breadcrumb\"},\"inLanguage\":\"es\",\"potentialAction\":[{\"@type\":\"ReadAction\",\"target\":[\"https:\/\/ipega.ar\/?product=9037-ipega\"]}]},{\"@type\":\"BreadcrumbList\",\"@id\":\"https:\/\/ipega.ar\/?product=9037-ipega#breadcrumb\",\"itemListElement\":[{\"@type\":\"ListItem\",\"position\":1,\"name\":\"Portada\",\"item\":\"https:\/\/ipega.ar\/\"},{\"@type\":\"ListItem\",\"position\":2,\"name\":\"Tienda\",\"item\":\"https:\/\/ipega.ar\/?page_id=9\"},{\"@type\":\"ListItem\",\"position\":3,\"name\":\"9037 Wireless Controller\"}]},{\"@type\":\"WebSite\",\"@id\":\"https:\/\/ipega.ar\/#website\",\"url\":\"https:\/\/ipega.ar\/\",\"name\":\"ipega\",\"description\":\"GAMEPADS PARA VOS\",\"publisher\":{\"@id\":\"https:\/\/ipega.ar\/#organization\"},\"potentialAction\":[{\"@type\":\"SearchAction\",\"target\":{\"@type\":\"EntryPoint\",\"urlTemplate\":\"https:\/\/ipega.ar\/?s={search_term_string}\"},\"query-input\":\"required name=search_term_string\"}],\"inLanguage\":\"es\"},{\"@type\":\"Organization\",\"@id\":\"https:\/\/ipega.ar\/#organization\",\"name\":\"ipega\",\"url\":\"https:\/\/ipega.ar\/\",\"logo\":{\"@type\":\"ImageObject\",\"inLanguage\":\"es\",\"@id\":\"https:\/\/ipega.ar\/#\/schema\/logo\/image\/\",\"url\":\"https:\/\/ipega.ar\/wp-content\/uploads\/2019\/05\/Logo-mobile.png\",\"contentUrl\":\"https:\/\/ipega.ar\/wp-content\/uploads\/2019\/05\/Logo-mobile.png\",\"width\":150,\"height\":72,\"caption\":\"ipega\"},\"image\":{\"@id\":\"https:\/\/ipega.ar\/#\/schema\/logo\/image\/\"},\"sameAs\":[\"https:\/\/www.facebook.com\/ipegaoficial\/\",\"https:\/\/www.instagram.com\/ipegaoficial\/\"]}]}<\/script>\n<!-- \/ Yoast SEO plugin. -->","yoast_head_json":{"title":"9037 Wireless Controller &#8211; ipega","robots":{"index":"index","follow":"follow","max-snippet":"max-snippet:-1","max-image-preview":"max-image-preview:large","max-video-preview":"max-video-preview:-1"},"canonical":"https:\/\/ipega.ar\/?product=9037-ipega","og_locale":"es_ES","og_type":"article","og_title":"9037 Wireless Controller &#8211; ipega","og_description":"El ipega 9037 gamepad con forma 360 es un nuevo controlador inal\u00e1mbrico Bluetooth, que admite diferentes juegos de plataforma, como Android \/ PC.","og_url":"https:\/\/ipega.ar\/?product=9037-ipega","og_site_name":"ipega","article_publisher":"https:\/\/www.facebook.com\/ipegaoficial\/","article_modified_time":"2020-04-30T01:00:54+00:00","og_image":[{"width":800,"height":800,"url":"https:\/\/ipega.ar\/wp-content\/uploads\/2019\/05\/9037-1.jpg","type":"image\/jpeg"}],"twitter_card":"summary_large_image","twitter_misc":{"Tiempo de lectura":"1 minuto"},"schema":{"@context":"https:\/\/schema.org","@graph":[{"@type":"WebPage","@id":"https:\/\/ipega.ar\/?product=9037-ipega","url":"https:\/\/ipega.ar\/?product=9037-ipega","name":"9037 Wireless Controller &#8211; ipega","isPartOf":{"@id":"https:\/\/ipega.ar\/#website"},"datePublished":"2019-06-11T16:45:21+00:00","dateModified":"2020-04-30T01:00:54+00:00","breadcrumb":{"@id":"https:\/\/ipega.ar\/?product=9037-ipega#breadcrumb"},"inLanguage":"es","potentialAction":[{"@type":"ReadAction","target":["https:\/\/ipega.ar\/?product=9037-ipega"]}]},{"@type":"BreadcrumbList","@id":"https:\/\/ipega.ar\/?product=9037-ipega#breadcrumb","itemListElement":[{"@type":"ListItem","position":1,"name":"Portada","item":"https:\/\/ipega.ar\/"},{"@type":"ListItem","position":2,"name":"Tienda","item":"https:\/\/ipega.ar\/?page_id=9"},{"@type":"ListItem","position":3,"name":"9037 Wireless Controller"}]},{"@type":"WebSite","@id":"https:\/\/ipega.ar\/#website","url":"https:\/\/ipega.ar\/","name":"ipega","description":"GAMEPADS PARA VOS","publisher":{"@id":"https:\/\/ipega.ar\/#organization"},"potentialAction":[{"@type":"SearchAction","target":{"@type":"EntryPoint","urlTemplate":"https:\/\/ipega.ar\/?s={search_term_string}"},"query-input":"required name=search_term_string"}],"inLanguage":"es"},{"@type":"Organization","@id":"https:\/\/ipega.ar\/#organization","name":"ipega","url":"https:\/\/ipega.ar\/","logo":{"@type":"ImageObject","inLanguage":"es","@id":"https:\/\/ipega.ar\/#\/schema\/logo\/image\/","url":"https:\/\/ipega.ar\/wp-content\/uploads\/2019\/05\/Logo-mobile.png","contentUrl":"https:\/\/ipega.ar\/wp-content\/uploads\/2019\/05\/Logo-mobile.png","width":150,"height":72,"caption":"ipega"},"image":{"@id":"https:\/\/ipega.ar\/#\/schema\/logo\/image\/"},"sameAs":["https:\/\/www.facebook.com\/ipegaoficial\/","https:\/\/www.instagram.com\/ipegaoficial\/"]}]}},"_links":{"self":[{"href":"https:\/\/ipega.ar\/index.php?rest_route=\/wp\/v2\/product\/829"}],"collection":[{"href":"https:\/\/ipega.ar\/index.php?rest_route=\/wp\/v2\/product"}],"about":[{"href":"https:\/\/ipega.ar\/index.php?rest_route=\/wp\/v2\/types\/product"}],"version-history":[{"count":5,"href":"https:\/\/ipega.ar\/index.php?rest_route=\/wp\/v2\/product\/829\/revisions"}],"predecessor-version":[{"id":3255,"href":"https:\/\/ipega.ar\/index.php?rest_route=\/wp\/v2\/product\/829\/revisions\/3255"}],"wp:featuredmedia":[{"embeddable":true,"href":"https:\/\/ipega.ar\/index.php?rest_route=\/wp\/v2\/media\/384"}],"wp:attachment":[{"href":"https:\/\/ipega.ar\/index.php?rest_route=%2Fwp%2Fv2%2Fmedia&parent=829"}],"wp:term":[{"taxonomy":"product_cat","embeddable":true,"href":"https:\/\/ipega.ar\/index.php?rest_route=%2Fwp%2Fv2%2Fproduct_cat&post=829"},{"taxonomy":"product_tag","embeddable":true,"href":"https:\/\/ipega.ar\/index.php?rest_route=%2Fwp%2Fv2%2Fproduct_tag&post=829"}],"curies":[{"name":"wp","href":"https:\/\/api.w.org\/{rel}","templated":true}]}}