{"id":44,"date":"2019-05-09T16:27:10","date_gmt":"2019-05-09T16:27:10","guid":{"rendered":"https:\/\/ipega.ar\/?post_type=product&#038;p=44"},"modified":"2020-04-30T00:31:22","modified_gmt":"2020-04-30T00:31:22","slug":"wolverine","status":"publish","type":"product","link":"https:\/\/ipega.ar\/?product=wolverine","title":{"rendered":"9099 Wolverine"},"content":{"rendered":"\t\t<div data-elementor-type=\"wp-post\" data-elementor-id=\"44\" class=\"elementor elementor-44\" data-elementor-post-type=\"product\">\n\t\t\t\t\t\t\t\t\t<section class=\"elementor-section elementor-top-section elementor-element elementor-element-380bf793 elementor-section-boxed elementor-section-height-default elementor-section-height-default\" data-id=\"380bf793\" data-element_type=\"section\">\n\t\t\t\t\t\t<div class=\"elementor-container elementor-column-gap-default\">\n\t\t\t\t\t<div class=\"elementor-column elementor-col-100 elementor-top-column elementor-element elementor-element-5d629222 elementor-invisible\" data-id=\"5d629222\" data-element_type=\"column\" data-settings=\"{&quot;animation&quot;:&quot;bounceInLeft&quot;}\">\n\t\t\t<div class=\"elementor-widget-wrap elementor-element-populated\">\n\t\t\t\t\t\t\t\t<div class=\"elementor-element elementor-element-6ec06230 elementor-widget elementor-widget-text-editor\" data-id=\"6ec06230\" data-element_type=\"widget\" data-widget_type=\"text-editor.default\">\n\t\t\t\t<div class=\"elementor-widget-container\">\n\t\t\t\t\t\t\t<p><strong>Equipo aplicable:<\/strong> tel\u00e9fono inteligente \/ tableta \/ TV inteligente \/ decodificador \/ PC.<\/p><hr \/><p>Admite la vibraci\u00f3n del motor dual, una experiencia de realimentaci\u00f3n de juego m\u00e1s realista, equipada con coloridos botones de iluminaci\u00f3n LED, m\u00e1s cool.<br \/>Con la aceleraci\u00f3n de un bot\u00f3n Turbo, es m\u00e1s potente y m\u00e1s r\u00e1pido en la operaci\u00f3n del juego.<br \/>Con funci\u00f3n telesc\u00f3pica, soporte para tel\u00e9fonos m\u00f3viles dentro de 6,2 pulgadas.<br \/>L2 \/ R2 es una funci\u00f3n anal\u00f3gica que hace que el juego sea preciso y controlable.<br \/>La tecla cruzada se puede reemplazar y el zoom es m\u00e1s f\u00e1cil.<\/p><hr \/><p>Cualquier bot\u00f3n de acci\u00f3n puede configurarse como funci\u00f3n TURBO, bot\u00f3n de acci\u00f3n que incluye (A \/ B \/ X \/ Y, R1, L1) seis botones, puede usar la funci\u00f3n TURBO.<br \/>M\u00e9todo de configuraci\u00f3n: mantenga presionado el bot\u00f3n de acci\u00f3n, luego presione el bot\u00f3n TURBO para encenderlo. Mantenga presionado el bot\u00f3n de acci\u00f3n, luego presione el bot\u00f3n BORRAR para desactivar la funci\u00f3n TURBO.<\/p><hr \/><p><br \/>Cuando el asa est\u00e1 apagada, apague, hiberne y reinicie, la funci\u00f3n TURBO configurada previamente se borrar\u00e1 autom\u00e1ticamente. Si necesita ser usado, necesita ser reiniciado.<\/p>\t\t\t\t\t\t<\/div>\n\t\t\t\t<\/div>\n\t\t\t\t<div class=\"elementor-element elementor-element-28cc492 elementor-widget elementor-widget-spacer\" data-id=\"28cc492\" data-element_type=\"widget\" data-widget_type=\"spacer.default\">\n\t\t\t\t<div class=\"elementor-widget-container\">\n\t\t\t\t\t<div class=\"elementor-spacer\">\n\t\t\t<div class=\"elementor-spacer-inner\"><\/div>\n\t\t<\/div>\n\t\t\t\t<\/div>\n\t\t\t\t<\/div>\n\t\t\t\t\t<\/div>\n\t\t<\/div>\n\t\t\t\t\t\t\t<\/div>\n\t\t<\/section>\n\t\t\t\t\t\t\t<\/div>\n\t\t","protected":false},"excerpt":{"rendered":"<p>Ipega 9099 Wolverine vibration Bluetooth gamepad es principalmente adecuado para la conexi\u00f3n Bluetooth del sistema Android \/ Win7 \/ 8\/10 para la operaci\u00f3n del juego.<\/p>\n","protected":false},"featured_media":262,"template":"","meta":[],"product_cat":[43],"product_tag":[],"yoast_head":"<!-- This site is optimized with the Yoast SEO plugin v21.7 - https:\/\/yoast.com\/wordpress\/plugins\/seo\/ -->\n<title>9099 Wolverine &#8211; ipega<\/title>\n<meta name=\"robots\" content=\"index, follow, max-snippet:-1, max-image-preview:large, max-video-preview:-1\" \/>\n<link rel=\"canonical\" href=\"https:\/\/ipega.ar\/?product=wolverine\" \/>\n<meta property=\"og:locale\" content=\"es_ES\" \/>\n<meta property=\"og:type\" content=\"article\" \/>\n<meta property=\"og:title\" content=\"9099 Wolverine &#8211; ipega\" \/>\n<meta property=\"og:description\" content=\"Ipega 9099 Wolverine vibration Bluetooth gamepad es principalmente adecuado para la conexi\u00f3n Bluetooth del sistema Android \/ Win7 \/ 8\/10 para la operaci\u00f3n del juego.\" \/>\n<meta property=\"og:url\" content=\"https:\/\/ipega.ar\/?product=wolverine\" \/>\n<meta property=\"og:site_name\" content=\"ipega\" \/>\n<meta property=\"article:publisher\" content=\"https:\/\/www.facebook.com\/ipegaoficial\/\" \/>\n<meta property=\"article:modified_time\" content=\"2020-04-30T00:31:22+00:00\" \/>\n<meta property=\"og:image\" content=\"https:\/\/ipega.ar\/wp-content\/uploads\/2019\/05\/9099-1.jpg\" \/>\n\t<meta property=\"og:image:width\" content=\"800\" \/>\n\t<meta property=\"og:image:height\" content=\"800\" \/>\n\t<meta property=\"og:image:type\" content=\"image\/jpeg\" \/>\n<meta name=\"twitter:card\" content=\"summary_large_image\" \/>\n<meta name=\"twitter:label1\" content=\"Tiempo de lectura\" \/>\n\t<meta name=\"twitter:data1\" content=\"1 minuto\" \/>\n<script type=\"application\/ld+json\" class=\"yoast-schema-graph\">{\"@context\":\"https:\/\/schema.org\",\"@graph\":[{\"@type\":\"WebPage\",\"@id\":\"https:\/\/ipega.ar\/?product=wolverine\",\"url\":\"https:\/\/ipega.ar\/?product=wolverine\",\"name\":\"9099 Wolverine &#8211; ipega\",\"isPartOf\":{\"@id\":\"https:\/\/ipega.ar\/#website\"},\"datePublished\":\"2019-05-09T16:27:10+00:00\",\"dateModified\":\"2020-04-30T00:31:22+00:00\",\"breadcrumb\":{\"@id\":\"https:\/\/ipega.ar\/?product=wolverine#breadcrumb\"},\"inLanguage\":\"es\",\"potentialAction\":[{\"@type\":\"ReadAction\",\"target\":[\"https:\/\/ipega.ar\/?product=wolverine\"]}]},{\"@type\":\"BreadcrumbList\",\"@id\":\"https:\/\/ipega.ar\/?product=wolverine#breadcrumb\",\"itemListElement\":[{\"@type\":\"ListItem\",\"position\":1,\"name\":\"Portada\",\"item\":\"https:\/\/ipega.ar\/\"},{\"@type\":\"ListItem\",\"position\":2,\"name\":\"Tienda\",\"item\":\"https:\/\/ipega.ar\/?page_id=9\"},{\"@type\":\"ListItem\",\"position\":3,\"name\":\"9099 Wolverine\"}]},{\"@type\":\"WebSite\",\"@id\":\"https:\/\/ipega.ar\/#website\",\"url\":\"https:\/\/ipega.ar\/\",\"name\":\"ipega\",\"description\":\"GAMEPADS PARA VOS\",\"publisher\":{\"@id\":\"https:\/\/ipega.ar\/#organization\"},\"potentialAction\":[{\"@type\":\"SearchAction\",\"target\":{\"@type\":\"EntryPoint\",\"urlTemplate\":\"https:\/\/ipega.ar\/?s={search_term_string}\"},\"query-input\":\"required name=search_term_string\"}],\"inLanguage\":\"es\"},{\"@type\":\"Organization\",\"@id\":\"https:\/\/ipega.ar\/#organization\",\"name\":\"ipega\",\"url\":\"https:\/\/ipega.ar\/\",\"logo\":{\"@type\":\"ImageObject\",\"inLanguage\":\"es\",\"@id\":\"https:\/\/ipega.ar\/#\/schema\/logo\/image\/\",\"url\":\"https:\/\/ipega.ar\/wp-content\/uploads\/2019\/05\/Logo-mobile.png\",\"contentUrl\":\"https:\/\/ipega.ar\/wp-content\/uploads\/2019\/05\/Logo-mobile.png\",\"width\":150,\"height\":72,\"caption\":\"ipega\"},\"image\":{\"@id\":\"https:\/\/ipega.ar\/#\/schema\/logo\/image\/\"},\"sameAs\":[\"https:\/\/www.facebook.com\/ipegaoficial\/\",\"https:\/\/www.instagram.com\/ipegaoficial\/\"]}]}<\/script>\n<!-- \/ Yoast SEO plugin. -->","yoast_head_json":{"title":"9099 Wolverine &#8211; ipega","robots":{"index":"index","follow":"follow","max-snippet":"max-snippet:-1","max-image-preview":"max-image-preview:large","max-video-preview":"max-video-preview:-1"},"canonical":"https:\/\/ipega.ar\/?product=wolverine","og_locale":"es_ES","og_type":"article","og_title":"9099 Wolverine &#8211; ipega","og_description":"Ipega 9099 Wolverine vibration Bluetooth gamepad es principalmente adecuado para la conexi\u00f3n Bluetooth del sistema Android \/ Win7 \/ 8\/10 para la operaci\u00f3n del juego.","og_url":"https:\/\/ipega.ar\/?product=wolverine","og_site_name":"ipega","article_publisher":"https:\/\/www.facebook.com\/ipegaoficial\/","article_modified_time":"2020-04-30T00:31:22+00:00","og_image":[{"width":800,"height":800,"url":"https:\/\/ipega.ar\/wp-content\/uploads\/2019\/05\/9099-1.jpg","type":"image\/jpeg"}],"twitter_card":"summary_large_image","twitter_misc":{"Tiempo de lectura":"1 minuto"},"schema":{"@context":"https:\/\/schema.org","@graph":[{"@type":"WebPage","@id":"https:\/\/ipega.ar\/?product=wolverine","url":"https:\/\/ipega.ar\/?product=wolverine","name":"9099 Wolverine &#8211; ipega","isPartOf":{"@id":"https:\/\/ipega.ar\/#website"},"datePublished":"2019-05-09T16:27:10+00:00","dateModified":"2020-04-30T00:31:22+00:00","breadcrumb":{"@id":"https:\/\/ipega.ar\/?product=wolverine#breadcrumb"},"inLanguage":"es","potentialAction":[{"@type":"ReadAction","target":["https:\/\/ipega.ar\/?product=wolverine"]}]},{"@type":"BreadcrumbList","@id":"https:\/\/ipega.ar\/?product=wolverine#breadcrumb","itemListElement":[{"@type":"ListItem","position":1,"name":"Portada","item":"https:\/\/ipega.ar\/"},{"@type":"ListItem","position":2,"name":"Tienda","item":"https:\/\/ipega.ar\/?page_id=9"},{"@type":"ListItem","position":3,"name":"9099 Wolverine"}]},{"@type":"WebSite","@id":"https:\/\/ipega.ar\/#website","url":"https:\/\/ipega.ar\/","name":"ipega","description":"GAMEPADS PARA VOS","publisher":{"@id":"https:\/\/ipega.ar\/#organization"},"potentialAction":[{"@type":"SearchAction","target":{"@type":"EntryPoint","urlTemplate":"https:\/\/ipega.ar\/?s={search_term_string}"},"query-input":"required name=search_term_string"}],"inLanguage":"es"},{"@type":"Organization","@id":"https:\/\/ipega.ar\/#organization","name":"ipega","url":"https:\/\/ipega.ar\/","logo":{"@type":"ImageObject","inLanguage":"es","@id":"https:\/\/ipega.ar\/#\/schema\/logo\/image\/","url":"https:\/\/ipega.ar\/wp-content\/uploads\/2019\/05\/Logo-mobile.png","contentUrl":"https:\/\/ipega.ar\/wp-content\/uploads\/2019\/05\/Logo-mobile.png","width":150,"height":72,"caption":"ipega"},"image":{"@id":"https:\/\/ipega.ar\/#\/schema\/logo\/image\/"},"sameAs":["https:\/\/www.facebook.com\/ipegaoficial\/","https:\/\/www.instagram.com\/ipegaoficial\/"]}]}},"_links":{"self":[{"href":"https:\/\/ipega.ar\/index.php?rest_route=\/wp\/v2\/product\/44"}],"collection":[{"href":"https:\/\/ipega.ar\/index.php?rest_route=\/wp\/v2\/product"}],"about":[{"href":"https:\/\/ipega.ar\/index.php?rest_route=\/wp\/v2\/types\/product"}],"version-history":[{"count":11,"href":"https:\/\/ipega.ar\/index.php?rest_route=\/wp\/v2\/product\/44\/revisions"}],"predecessor-version":[{"id":739,"href":"https:\/\/ipega.ar\/index.php?rest_route=\/wp\/v2\/product\/44\/revisions\/739"}],"wp:featuredmedia":[{"embeddable":true,"href":"https:\/\/ipega.ar\/index.php?rest_route=\/wp\/v2\/media\/262"}],"wp:attachment":[{"href":"https:\/\/ipega.ar\/index.php?rest_route=%2Fwp%2Fv2%2Fmedia&parent=44"}],"wp:term":[{"taxonomy":"product_cat","embeddable":true,"href":"https:\/\/ipega.ar\/index.php?rest_route=%2Fwp%2Fv2%2Fproduct_cat&post=44"},{"taxonomy":"product_tag","embeddable":true,"href":"https:\/\/ipega.ar\/index.php?rest_route=%2Fwp%2Fv2%2Fproduct_tag&post=44"}],"curies":[{"name":"wp","href":"https:\/\/api.w.org\/{rel}","templated":true}]}}