{"id":375,"date":"2019-05-15T12:27:00","date_gmt":"2019-05-15T12:27:00","guid":{"rendered":"https:\/\/ipega.ar\/?post_type=product&#038;p=375"},"modified":"2020-04-30T00:59:28","modified_gmt":"2020-04-30T00:59:28","slug":"9055","status":"publish","type":"product","link":"https:\/\/ipega.ar\/?product=9055","title":{"rendered":"9055 Red Spider"},"content":{"rendered":"\t\t<div data-elementor-type=\"wp-post\" data-elementor-id=\"375\" class=\"elementor elementor-375\" data-elementor-post-type=\"product\">\n\t\t\t\t\t\t\t\t\t<section class=\"elementor-section elementor-top-section elementor-element elementor-element-380bf793 elementor-section-boxed elementor-section-height-default elementor-section-height-default\" data-id=\"380bf793\" data-element_type=\"section\">\n\t\t\t\t\t\t<div class=\"elementor-container elementor-column-gap-default\">\n\t\t\t\t\t<div class=\"elementor-column elementor-col-100 elementor-top-column elementor-element elementor-element-5d629222 elementor-invisible\" data-id=\"5d629222\" data-element_type=\"column\" data-settings=\"{&quot;animation&quot;:&quot;bounceInLeft&quot;}\">\n\t\t\t<div class=\"elementor-widget-wrap elementor-element-populated\">\n\t\t\t\t\t\t\t\t<div class=\"elementor-element elementor-element-6ec06230 elementor-widget elementor-widget-text-editor\" data-id=\"6ec06230\" data-element_type=\"widget\" data-widget_type=\"text-editor.default\">\n\t\t\t\t<div class=\"elementor-widget-container\">\n\t\t\t\t\t\t\t<p>1. El gamepad telesc\u00f3pico Bluetooth Red Spider ipega 9055 se aplica principalmente al funcionamiento de juegos relacionados con la computadora m\u00f3vil \/ tableta del sistema Android 3.2 y el televisor inteligente, decodificador como iPhone \/ iPad, que admite la conexi\u00f3n Bluetooth y al terminal Bluetooth de la PC para admitir el sistema Win XP \/ Win7 \/ Win8.<\/p><hr \/><p>2.El producto es ergon\u00f3mico y c\u00f3modo, con ajuste de agarre y funci\u00f3n telesc\u00f3pica autom\u00e1tica.<\/p><hr \/><p>Par\u00e1metros de rendimiento del producto gamepad telesc\u00f3pico Bluetooth Ipega 9055<\/p><hr \/><p>-Voltaje de trabajo: DC3.7V.<\/p><hr \/><p>&#8211; Corriente de trabajo: 25mA ~ 30mA<\/p><hr \/><p>-Uso tiempo: duraci\u00f3n de uso 10h.<\/p><hr \/><p>-Voltaje de entrada de carga: DC5V<\/p><hr \/><p>&#8211; Corriente de entrada de carga: menos de 500mA.<\/p><hr \/><p>&#8211; Distancia de transmisi\u00f3n inal\u00e1mbrica \/ Bluetooth: menos de 8M<\/p><hr \/><p>-Capacidad de bater\u00eda: 300mAh.<\/p><hr \/><p>-Tama\u00f1o de la expansi\u00f3n: 56 ~ 160 mm (soporte m\u00e1ximo para clips de 5.5 pulgadas)<\/p>\t\t\t\t\t\t<\/div>\n\t\t\t\t<\/div>\n\t\t\t\t<div class=\"elementor-element elementor-element-28cc492 elementor-widget elementor-widget-spacer\" data-id=\"28cc492\" data-element_type=\"widget\" data-widget_type=\"spacer.default\">\n\t\t\t\t<div class=\"elementor-widget-container\">\n\t\t\t\t\t<div class=\"elementor-spacer\">\n\t\t\t<div class=\"elementor-spacer-inner\"><\/div>\n\t\t<\/div>\n\t\t\t\t<\/div>\n\t\t\t\t<\/div>\n\t\t\t\t\t<\/div>\n\t\t<\/div>\n\t\t\t\t\t\t\t<\/div>\n\t\t<\/section>\n\t\t\t\t\t\t\t<\/div>\n\t\t","protected":false},"excerpt":{"rendered":"<p>El gamepad telesc\u00f3pico Bluetooth Red Spider Ipega 9055 es principalmente adecuado para computadoras m\u00f3viles y tabletas con m\u00e1s de 3.2 de Android y TV inteligente, un decodificador compatible con la conexi\u00f3n Bluetooth.<\/p>\n","protected":false},"featured_media":376,"template":"","meta":[],"product_cat":[43],"product_tag":[],"yoast_head":"<!-- This site is optimized with the Yoast SEO plugin v21.7 - https:\/\/yoast.com\/wordpress\/plugins\/seo\/ -->\n<title>9055 Red Spider &#8211; ipega<\/title>\n<meta name=\"robots\" content=\"index, follow, max-snippet:-1, max-image-preview:large, max-video-preview:-1\" \/>\n<link rel=\"canonical\" href=\"https:\/\/ipega.ar\/?product=9055\" \/>\n<meta property=\"og:locale\" content=\"es_ES\" \/>\n<meta property=\"og:type\" content=\"article\" \/>\n<meta property=\"og:title\" content=\"9055 Red Spider &#8211; ipega\" \/>\n<meta property=\"og:description\" content=\"El gamepad telesc\u00f3pico Bluetooth Red Spider Ipega 9055 es principalmente adecuado para computadoras m\u00f3viles y tabletas con m\u00e1s de 3.2 de Android y TV inteligente, un decodificador compatible con la conexi\u00f3n Bluetooth.\" \/>\n<meta property=\"og:url\" content=\"https:\/\/ipega.ar\/?product=9055\" \/>\n<meta property=\"og:site_name\" content=\"ipega\" \/>\n<meta property=\"article:publisher\" content=\"https:\/\/www.facebook.com\/ipegaoficial\/\" \/>\n<meta property=\"article:modified_time\" content=\"2020-04-30T00:59:28+00:00\" \/>\n<meta property=\"og:image\" content=\"https:\/\/ipega.ar\/wp-content\/uploads\/2019\/05\/9055-1.jpg\" \/>\n\t<meta property=\"og:image:width\" content=\"800\" \/>\n\t<meta property=\"og:image:height\" content=\"800\" \/>\n\t<meta property=\"og:image:type\" content=\"image\/jpeg\" \/>\n<meta name=\"twitter:card\" content=\"summary_large_image\" \/>\n<meta name=\"twitter:label1\" content=\"Tiempo de lectura\" \/>\n\t<meta name=\"twitter:data1\" content=\"1 minuto\" \/>\n<script type=\"application\/ld+json\" class=\"yoast-schema-graph\">{\"@context\":\"https:\/\/schema.org\",\"@graph\":[{\"@type\":\"WebPage\",\"@id\":\"https:\/\/ipega.ar\/?product=9055\",\"url\":\"https:\/\/ipega.ar\/?product=9055\",\"name\":\"9055 Red Spider &#8211; ipega\",\"isPartOf\":{\"@id\":\"https:\/\/ipega.ar\/#website\"},\"datePublished\":\"2019-05-15T12:27:00+00:00\",\"dateModified\":\"2020-04-30T00:59:28+00:00\",\"breadcrumb\":{\"@id\":\"https:\/\/ipega.ar\/?product=9055#breadcrumb\"},\"inLanguage\":\"es\",\"potentialAction\":[{\"@type\":\"ReadAction\",\"target\":[\"https:\/\/ipega.ar\/?product=9055\"]}]},{\"@type\":\"BreadcrumbList\",\"@id\":\"https:\/\/ipega.ar\/?product=9055#breadcrumb\",\"itemListElement\":[{\"@type\":\"ListItem\",\"position\":1,\"name\":\"Portada\",\"item\":\"https:\/\/ipega.ar\/\"},{\"@type\":\"ListItem\",\"position\":2,\"name\":\"Tienda\",\"item\":\"https:\/\/ipega.ar\/?page_id=9\"},{\"@type\":\"ListItem\",\"position\":3,\"name\":\"9055 Red Spider\"}]},{\"@type\":\"WebSite\",\"@id\":\"https:\/\/ipega.ar\/#website\",\"url\":\"https:\/\/ipega.ar\/\",\"name\":\"ipega\",\"description\":\"GAMEPADS PARA VOS\",\"publisher\":{\"@id\":\"https:\/\/ipega.ar\/#organization\"},\"potentialAction\":[{\"@type\":\"SearchAction\",\"target\":{\"@type\":\"EntryPoint\",\"urlTemplate\":\"https:\/\/ipega.ar\/?s={search_term_string}\"},\"query-input\":\"required name=search_term_string\"}],\"inLanguage\":\"es\"},{\"@type\":\"Organization\",\"@id\":\"https:\/\/ipega.ar\/#organization\",\"name\":\"ipega\",\"url\":\"https:\/\/ipega.ar\/\",\"logo\":{\"@type\":\"ImageObject\",\"inLanguage\":\"es\",\"@id\":\"https:\/\/ipega.ar\/#\/schema\/logo\/image\/\",\"url\":\"https:\/\/ipega.ar\/wp-content\/uploads\/2019\/05\/Logo-mobile.png\",\"contentUrl\":\"https:\/\/ipega.ar\/wp-content\/uploads\/2019\/05\/Logo-mobile.png\",\"width\":150,\"height\":72,\"caption\":\"ipega\"},\"image\":{\"@id\":\"https:\/\/ipega.ar\/#\/schema\/logo\/image\/\"},\"sameAs\":[\"https:\/\/www.facebook.com\/ipegaoficial\/\",\"https:\/\/www.instagram.com\/ipegaoficial\/\"]}]}<\/script>\n<!-- \/ Yoast SEO plugin. -->","yoast_head_json":{"title":"9055 Red Spider &#8211; ipega","robots":{"index":"index","follow":"follow","max-snippet":"max-snippet:-1","max-image-preview":"max-image-preview:large","max-video-preview":"max-video-preview:-1"},"canonical":"https:\/\/ipega.ar\/?product=9055","og_locale":"es_ES","og_type":"article","og_title":"9055 Red Spider &#8211; ipega","og_description":"El gamepad telesc\u00f3pico Bluetooth Red Spider Ipega 9055 es principalmente adecuado para computadoras m\u00f3viles y tabletas con m\u00e1s de 3.2 de Android y TV inteligente, un decodificador compatible con la conexi\u00f3n Bluetooth.","og_url":"https:\/\/ipega.ar\/?product=9055","og_site_name":"ipega","article_publisher":"https:\/\/www.facebook.com\/ipegaoficial\/","article_modified_time":"2020-04-30T00:59:28+00:00","og_image":[{"width":800,"height":800,"url":"https:\/\/ipega.ar\/wp-content\/uploads\/2019\/05\/9055-1.jpg","type":"image\/jpeg"}],"twitter_card":"summary_large_image","twitter_misc":{"Tiempo de lectura":"1 minuto"},"schema":{"@context":"https:\/\/schema.org","@graph":[{"@type":"WebPage","@id":"https:\/\/ipega.ar\/?product=9055","url":"https:\/\/ipega.ar\/?product=9055","name":"9055 Red Spider &#8211; ipega","isPartOf":{"@id":"https:\/\/ipega.ar\/#website"},"datePublished":"2019-05-15T12:27:00+00:00","dateModified":"2020-04-30T00:59:28+00:00","breadcrumb":{"@id":"https:\/\/ipega.ar\/?product=9055#breadcrumb"},"inLanguage":"es","potentialAction":[{"@type":"ReadAction","target":["https:\/\/ipega.ar\/?product=9055"]}]},{"@type":"BreadcrumbList","@id":"https:\/\/ipega.ar\/?product=9055#breadcrumb","itemListElement":[{"@type":"ListItem","position":1,"name":"Portada","item":"https:\/\/ipega.ar\/"},{"@type":"ListItem","position":2,"name":"Tienda","item":"https:\/\/ipega.ar\/?page_id=9"},{"@type":"ListItem","position":3,"name":"9055 Red Spider"}]},{"@type":"WebSite","@id":"https:\/\/ipega.ar\/#website","url":"https:\/\/ipega.ar\/","name":"ipega","description":"GAMEPADS PARA VOS","publisher":{"@id":"https:\/\/ipega.ar\/#organization"},"potentialAction":[{"@type":"SearchAction","target":{"@type":"EntryPoint","urlTemplate":"https:\/\/ipega.ar\/?s={search_term_string}"},"query-input":"required name=search_term_string"}],"inLanguage":"es"},{"@type":"Organization","@id":"https:\/\/ipega.ar\/#organization","name":"ipega","url":"https:\/\/ipega.ar\/","logo":{"@type":"ImageObject","inLanguage":"es","@id":"https:\/\/ipega.ar\/#\/schema\/logo\/image\/","url":"https:\/\/ipega.ar\/wp-content\/uploads\/2019\/05\/Logo-mobile.png","contentUrl":"https:\/\/ipega.ar\/wp-content\/uploads\/2019\/05\/Logo-mobile.png","width":150,"height":72,"caption":"ipega"},"image":{"@id":"https:\/\/ipega.ar\/#\/schema\/logo\/image\/"},"sameAs":["https:\/\/www.facebook.com\/ipegaoficial\/","https:\/\/www.instagram.com\/ipegaoficial\/"]}]}},"_links":{"self":[{"href":"https:\/\/ipega.ar\/index.php?rest_route=\/wp\/v2\/product\/375"}],"collection":[{"href":"https:\/\/ipega.ar\/index.php?rest_route=\/wp\/v2\/product"}],"about":[{"href":"https:\/\/ipega.ar\/index.php?rest_route=\/wp\/v2\/types\/product"}],"version-history":[{"count":5,"href":"https:\/\/ipega.ar\/index.php?rest_route=\/wp\/v2\/product\/375\/revisions"}],"predecessor-version":[{"id":712,"href":"https:\/\/ipega.ar\/index.php?rest_route=\/wp\/v2\/product\/375\/revisions\/712"}],"wp:featuredmedia":[{"embeddable":true,"href":"https:\/\/ipega.ar\/index.php?rest_route=\/wp\/v2\/media\/376"}],"wp:attachment":[{"href":"https:\/\/ipega.ar\/index.php?rest_route=%2Fwp%2Fv2%2Fmedia&parent=375"}],"wp:term":[{"taxonomy":"product_cat","embeddable":true,"href":"https:\/\/ipega.ar\/index.php?rest_route=%2Fwp%2Fv2%2Fproduct_cat&post=375"},{"taxonomy":"product_tag","embeddable":true,"href":"https:\/\/ipega.ar\/index.php?rest_route=%2Fwp%2Fv2%2Fproduct_tag&post=375"}],"curies":[{"name":"wp","href":"https:\/\/api.w.org\/{rel}","templated":true}]}}