{"id":366,"date":"2019-05-15T12:15:27","date_gmt":"2019-05-15T12:15:27","guid":{"rendered":"https:\/\/ipega.ar\/?post_type=product&#038;p=366"},"modified":"2020-04-30T00:57:49","modified_gmt":"2020-04-30T00:57:49","slug":"9057","status":"publish","type":"product","link":"https:\/\/ipega.ar\/?product=9057","title":{"rendered":"9057 Phantom Child Shooting Gun"},"content":{"rendered":"\t\t<div data-elementor-type=\"wp-post\" data-elementor-id=\"366\" class=\"elementor elementor-366\" data-elementor-post-type=\"product\">\n\t\t\t\t\t\t\t\t\t<section class=\"elementor-section elementor-top-section elementor-element elementor-element-380bf793 elementor-section-boxed elementor-section-height-default elementor-section-height-default\" data-id=\"380bf793\" data-element_type=\"section\">\n\t\t\t\t\t\t<div class=\"elementor-container elementor-column-gap-default\">\n\t\t\t\t\t<div class=\"elementor-column elementor-col-100 elementor-top-column elementor-element elementor-element-5d629222 elementor-invisible\" data-id=\"5d629222\" data-element_type=\"column\" data-settings=\"{&quot;animation&quot;:&quot;bounceInLeft&quot;}\">\n\t\t\t<div class=\"elementor-widget-wrap elementor-element-populated\">\n\t\t\t\t\t\t\t\t<div class=\"elementor-element elementor-element-6ec06230 elementor-widget elementor-widget-text-editor\" data-id=\"6ec06230\" data-element_type=\"widget\" data-widget_type=\"text-editor.default\">\n\t\t\t\t<div class=\"elementor-widget-container\">\n\t\t\t\t\t\t\t<p><strong><em>1. La pistola de juego ipega 9057 se aplica principalmente al funcionamiento de los juegos de armas de fuego relacionados en la computadora m\u00f3vil \/ tableta del sistema Android 3.2, el televisor inteligente, el decodificador y el terminal Bluetooth de la PC para soporta Win XP \/ Wi. El sistema N7 \/ Win8 se utiliza para juegos de operaci\u00f3n.<\/em><\/strong><\/p><hr \/><p><strong><em>2. ipega 9057 es ergon\u00f3mico, c\u00f3modo de manejar, con funci\u00f3n de vibraci\u00f3n del motor, el juego es din\u00e1mico e inmersivo.<\/em><\/strong><\/p><hr \/><p><strong><em>Par\u00e1metros de rendimiento del producto<\/em><\/strong><\/p><hr \/><p><strong><em>-Voltaje: DC3.7V.<\/em><\/strong><\/p><hr \/><p><strong><em>&#8211; Voltaje y corriente de trabajo: 25mA ~ 30mA<\/em><\/strong><\/p><hr \/><p><strong><em>&#8211; Tiempo de uso: tiempo de uso continuo sin vibraci\u00f3n: 25H; duraci\u00f3n de la vibraci\u00f3n: 12H<\/em><\/strong><\/p><hr \/><p><strong><em>-Voltaje de entrada de carga: DC5V<\/em><\/strong><\/p><hr \/><p><strong><em>&#8211; Corriente de entrada de carga: menos de 500mA.<\/em><\/strong><\/p><hr \/><p><strong><em>&#8211; Distancia de transmisi\u00f3n inal\u00e1mbrica \/ Bluetooth: menos de 8M<\/em><\/strong><\/p><hr \/><p><strong><em>-Capacidad de bater\u00eda: 600mAh.<\/em><\/strong><\/p><hr \/><p><strong><em>-Tama\u00f1o de expansi\u00f3n: 45 ~ 95mm (soporte m\u00e1ximo de 6 pulgadas)<\/em><\/strong><\/p>\t\t\t\t\t\t<\/div>\n\t\t\t\t<\/div>\n\t\t\t\t<div class=\"elementor-element elementor-element-28cc492 elementor-widget elementor-widget-spacer\" data-id=\"28cc492\" data-element_type=\"widget\" data-widget_type=\"spacer.default\">\n\t\t\t\t<div class=\"elementor-widget-container\">\n\t\t\t\t\t<div class=\"elementor-spacer\">\n\t\t\t<div class=\"elementor-spacer-inner\"><\/div>\n\t\t<\/div>\n\t\t\t\t<\/div>\n\t\t\t\t<\/div>\n\t\t\t\t\t<\/div>\n\t\t<\/div>\n\t\t\t\t\t\t\t<\/div>\n\t\t<\/section>\n\t\t\t\t\t\t\t<\/div>\n\t\t","protected":false},"excerpt":{"rendered":"<p>Ipega 9057 Phantom child shooting gun es una pistola con c\u00e1mara deslizante para funci\u00f3n de cambio de bala, se puede completar despu\u00e9s de la funci\u00f3n de mapeo de teclas (tecla L2), en el juego de disparos para simular la acci\u00f3n de la pistola.<\/p>\n","protected":false},"featured_media":367,"template":"","meta":[],"product_cat":[43],"product_tag":[],"yoast_head":"<!-- This site is optimized with the Yoast SEO plugin v21.7 - https:\/\/yoast.com\/wordpress\/plugins\/seo\/ -->\n<title>9057 Phantom Child Shooting Gun &#8211; ipega<\/title>\n<meta name=\"robots\" content=\"index, follow, max-snippet:-1, max-image-preview:large, max-video-preview:-1\" \/>\n<link rel=\"canonical\" href=\"https:\/\/ipega.ar\/?product=9057\" \/>\n<meta property=\"og:locale\" content=\"es_ES\" \/>\n<meta property=\"og:type\" content=\"article\" \/>\n<meta property=\"og:title\" content=\"9057 Phantom Child Shooting Gun &#8211; ipega\" \/>\n<meta property=\"og:description\" content=\"Ipega 9057 Phantom child shooting gun es una pistola con c\u00e1mara deslizante para funci\u00f3n de cambio de bala, se puede completar despu\u00e9s de la funci\u00f3n de mapeo de teclas (tecla L2), en el juego de disparos para simular la acci\u00f3n de la pistola.\" \/>\n<meta property=\"og:url\" content=\"https:\/\/ipega.ar\/?product=9057\" \/>\n<meta property=\"og:site_name\" content=\"ipega\" \/>\n<meta property=\"article:publisher\" content=\"https:\/\/www.facebook.com\/ipegaoficial\/\" \/>\n<meta property=\"article:modified_time\" content=\"2020-04-30T00:57:49+00:00\" \/>\n<meta property=\"og:image\" content=\"https:\/\/ipega.ar\/wp-content\/uploads\/2019\/05\/9057-1.jpg\" \/>\n\t<meta property=\"og:image:width\" content=\"800\" \/>\n\t<meta property=\"og:image:height\" content=\"800\" \/>\n\t<meta property=\"og:image:type\" content=\"image\/jpeg\" \/>\n<meta name=\"twitter:card\" content=\"summary_large_image\" \/>\n<meta name=\"twitter:label1\" content=\"Tiempo de lectura\" \/>\n\t<meta name=\"twitter:data1\" content=\"1 minuto\" \/>\n<script type=\"application\/ld+json\" class=\"yoast-schema-graph\">{\"@context\":\"https:\/\/schema.org\",\"@graph\":[{\"@type\":\"WebPage\",\"@id\":\"https:\/\/ipega.ar\/?product=9057\",\"url\":\"https:\/\/ipega.ar\/?product=9057\",\"name\":\"9057 Phantom Child Shooting Gun &#8211; ipega\",\"isPartOf\":{\"@id\":\"https:\/\/ipega.ar\/#website\"},\"datePublished\":\"2019-05-15T12:15:27+00:00\",\"dateModified\":\"2020-04-30T00:57:49+00:00\",\"breadcrumb\":{\"@id\":\"https:\/\/ipega.ar\/?product=9057#breadcrumb\"},\"inLanguage\":\"es\",\"potentialAction\":[{\"@type\":\"ReadAction\",\"target\":[\"https:\/\/ipega.ar\/?product=9057\"]}]},{\"@type\":\"BreadcrumbList\",\"@id\":\"https:\/\/ipega.ar\/?product=9057#breadcrumb\",\"itemListElement\":[{\"@type\":\"ListItem\",\"position\":1,\"name\":\"Portada\",\"item\":\"https:\/\/ipega.ar\/\"},{\"@type\":\"ListItem\",\"position\":2,\"name\":\"Tienda\",\"item\":\"https:\/\/ipega.ar\/?page_id=9\"},{\"@type\":\"ListItem\",\"position\":3,\"name\":\"9057 Phantom Child Shooting Gun\"}]},{\"@type\":\"WebSite\",\"@id\":\"https:\/\/ipega.ar\/#website\",\"url\":\"https:\/\/ipega.ar\/\",\"name\":\"ipega\",\"description\":\"GAMEPADS PARA VOS\",\"publisher\":{\"@id\":\"https:\/\/ipega.ar\/#organization\"},\"potentialAction\":[{\"@type\":\"SearchAction\",\"target\":{\"@type\":\"EntryPoint\",\"urlTemplate\":\"https:\/\/ipega.ar\/?s={search_term_string}\"},\"query-input\":\"required name=search_term_string\"}],\"inLanguage\":\"es\"},{\"@type\":\"Organization\",\"@id\":\"https:\/\/ipega.ar\/#organization\",\"name\":\"ipega\",\"url\":\"https:\/\/ipega.ar\/\",\"logo\":{\"@type\":\"ImageObject\",\"inLanguage\":\"es\",\"@id\":\"https:\/\/ipega.ar\/#\/schema\/logo\/image\/\",\"url\":\"https:\/\/ipega.ar\/wp-content\/uploads\/2019\/05\/Logo-mobile.png\",\"contentUrl\":\"https:\/\/ipega.ar\/wp-content\/uploads\/2019\/05\/Logo-mobile.png\",\"width\":150,\"height\":72,\"caption\":\"ipega\"},\"image\":{\"@id\":\"https:\/\/ipega.ar\/#\/schema\/logo\/image\/\"},\"sameAs\":[\"https:\/\/www.facebook.com\/ipegaoficial\/\",\"https:\/\/www.instagram.com\/ipegaoficial\/\"]}]}<\/script>\n<!-- \/ Yoast SEO plugin. -->","yoast_head_json":{"title":"9057 Phantom Child Shooting Gun &#8211; ipega","robots":{"index":"index","follow":"follow","max-snippet":"max-snippet:-1","max-image-preview":"max-image-preview:large","max-video-preview":"max-video-preview:-1"},"canonical":"https:\/\/ipega.ar\/?product=9057","og_locale":"es_ES","og_type":"article","og_title":"9057 Phantom Child Shooting Gun &#8211; ipega","og_description":"Ipega 9057 Phantom child shooting gun es una pistola con c\u00e1mara deslizante para funci\u00f3n de cambio de bala, se puede completar despu\u00e9s de la funci\u00f3n de mapeo de teclas (tecla L2), en el juego de disparos para simular la acci\u00f3n de la pistola.","og_url":"https:\/\/ipega.ar\/?product=9057","og_site_name":"ipega","article_publisher":"https:\/\/www.facebook.com\/ipegaoficial\/","article_modified_time":"2020-04-30T00:57:49+00:00","og_image":[{"width":800,"height":800,"url":"https:\/\/ipega.ar\/wp-content\/uploads\/2019\/05\/9057-1.jpg","type":"image\/jpeg"}],"twitter_card":"summary_large_image","twitter_misc":{"Tiempo de lectura":"1 minuto"},"schema":{"@context":"https:\/\/schema.org","@graph":[{"@type":"WebPage","@id":"https:\/\/ipega.ar\/?product=9057","url":"https:\/\/ipega.ar\/?product=9057","name":"9057 Phantom Child Shooting Gun &#8211; ipega","isPartOf":{"@id":"https:\/\/ipega.ar\/#website"},"datePublished":"2019-05-15T12:15:27+00:00","dateModified":"2020-04-30T00:57:49+00:00","breadcrumb":{"@id":"https:\/\/ipega.ar\/?product=9057#breadcrumb"},"inLanguage":"es","potentialAction":[{"@type":"ReadAction","target":["https:\/\/ipega.ar\/?product=9057"]}]},{"@type":"BreadcrumbList","@id":"https:\/\/ipega.ar\/?product=9057#breadcrumb","itemListElement":[{"@type":"ListItem","position":1,"name":"Portada","item":"https:\/\/ipega.ar\/"},{"@type":"ListItem","position":2,"name":"Tienda","item":"https:\/\/ipega.ar\/?page_id=9"},{"@type":"ListItem","position":3,"name":"9057 Phantom Child Shooting Gun"}]},{"@type":"WebSite","@id":"https:\/\/ipega.ar\/#website","url":"https:\/\/ipega.ar\/","name":"ipega","description":"GAMEPADS PARA VOS","publisher":{"@id":"https:\/\/ipega.ar\/#organization"},"potentialAction":[{"@type":"SearchAction","target":{"@type":"EntryPoint","urlTemplate":"https:\/\/ipega.ar\/?s={search_term_string}"},"query-input":"required name=search_term_string"}],"inLanguage":"es"},{"@type":"Organization","@id":"https:\/\/ipega.ar\/#organization","name":"ipega","url":"https:\/\/ipega.ar\/","logo":{"@type":"ImageObject","inLanguage":"es","@id":"https:\/\/ipega.ar\/#\/schema\/logo\/image\/","url":"https:\/\/ipega.ar\/wp-content\/uploads\/2019\/05\/Logo-mobile.png","contentUrl":"https:\/\/ipega.ar\/wp-content\/uploads\/2019\/05\/Logo-mobile.png","width":150,"height":72,"caption":"ipega"},"image":{"@id":"https:\/\/ipega.ar\/#\/schema\/logo\/image\/"},"sameAs":["https:\/\/www.facebook.com\/ipegaoficial\/","https:\/\/www.instagram.com\/ipegaoficial\/"]}]}},"_links":{"self":[{"href":"https:\/\/ipega.ar\/index.php?rest_route=\/wp\/v2\/product\/366"}],"collection":[{"href":"https:\/\/ipega.ar\/index.php?rest_route=\/wp\/v2\/product"}],"about":[{"href":"https:\/\/ipega.ar\/index.php?rest_route=\/wp\/v2\/types\/product"}],"version-history":[{"count":8,"href":"https:\/\/ipega.ar\/index.php?rest_route=\/wp\/v2\/product\/366\/revisions"}],"predecessor-version":[{"id":1131,"href":"https:\/\/ipega.ar\/index.php?rest_route=\/wp\/v2\/product\/366\/revisions\/1131"}],"wp:featuredmedia":[{"embeddable":true,"href":"https:\/\/ipega.ar\/index.php?rest_route=\/wp\/v2\/media\/367"}],"wp:attachment":[{"href":"https:\/\/ipega.ar\/index.php?rest_route=%2Fwp%2Fv2%2Fmedia&parent=366"}],"wp:term":[{"taxonomy":"product_cat","embeddable":true,"href":"https:\/\/ipega.ar\/index.php?rest_route=%2Fwp%2Fv2%2Fproduct_cat&post=366"},{"taxonomy":"product_tag","embeddable":true,"href":"https:\/\/ipega.ar\/index.php?rest_route=%2Fwp%2Fv2%2Fproduct_tag&post=366"}],"curies":[{"name":"wp","href":"https:\/\/api.w.org\/{rel}","templated":true}]}}