{"id":351,"date":"2019-05-15T11:57:28","date_gmt":"2019-05-15T11:57:28","guid":{"rendered":"https:\/\/ipega.ar\/?post_type=product&#038;p=351"},"modified":"2020-04-30T00:56:30","modified_gmt":"2020-04-30T00:56:30","slug":"9062s","status":"publish","type":"product","link":"https:\/\/ipega.ar\/?product=9062s","title":{"rendered":"9062s Black Gladiator Bluetooth"},"content":{"rendered":"\t\t<div data-elementor-type=\"wp-post\" data-elementor-id=\"351\" class=\"elementor elementor-351\" data-elementor-post-type=\"product\">\n\t\t\t\t\t\t\t\t\t<section class=\"elementor-section elementor-top-section elementor-element elementor-element-380bf793 elementor-section-boxed elementor-section-height-default elementor-section-height-default\" data-id=\"380bf793\" data-element_type=\"section\">\n\t\t\t\t\t\t<div class=\"elementor-container elementor-column-gap-default\">\n\t\t\t\t\t<div class=\"elementor-column elementor-col-100 elementor-top-column elementor-element elementor-element-5d629222 elementor-invisible\" data-id=\"5d629222\" data-element_type=\"column\" data-settings=\"{&quot;animation&quot;:&quot;bounceInLeft&quot;}\">\n\t\t\t<div class=\"elementor-widget-wrap elementor-element-populated\">\n\t\t\t\t\t\t\t\t<div class=\"elementor-element elementor-element-6ec06230 elementor-widget elementor-widget-text-editor\" data-id=\"6ec06230\" data-element_type=\"widget\" data-widget_type=\"text-editor.default\">\n\t\t\t\t<div class=\"elementor-widget-container\">\n\t\t\t\t\t\t\t<p><strong><em>1.Ipega-9062S black Gladiator gamepad Bluetooth es principalmente aplicable al funcionamiento de juegos relacionados con la computadora m\u00f3vil \/ tableta del sistema Android 3.2 y el televisor inteligente, decodificador, como iPhone \/ iPad.<\/em><\/strong><\/p><hr \/><p><strong><em>2. El bot\u00f3n A \/ B \/ X \/ Y del producto tiene una luz LED blanca en la parte inferior. Se enciende 5 segundos a la hora de arranque y m\u00e1s brillante cuando se opera el juego por la noche.<\/em><\/strong><\/p><hr \/><p><strong><em>3. Las teclas de funci\u00f3n L2 y R2 est\u00e1n equipadas con sensores Holzer, que son lineales cuando se presionan, y son m\u00e1s precisos y controlables al operar juegos.<\/em><\/strong><\/p><hr \/><p><strong><em>4. La superficie del producto est\u00e1 hecha de rociado de ceniza de hierro, rica en sensaci\u00f3n de metal, la cubierta inferior est\u00e1 tratada con aceite de caucho negro, la sensaci\u00f3n es m\u00e1s c\u00f3moda, la estructura del producto se ajusta a la ergonom\u00eda y el juego es fresco cuando se opera.<\/em><\/strong><\/p><hr \/><p><strong><em>5. Al ser compatible con la funci\u00f3n de vibraci\u00f3n del motor doble superior, el producto vibrar\u00e1 al inicio de la m\u00e1quina. Esta funci\u00f3n solo es aplicable al modo PC X-INPUT, y el juego admite la funci\u00f3n de vibraci\u00f3n.<\/em><\/strong><\/p><hr \/><p>\u00a0<\/p>\t\t\t\t\t\t<\/div>\n\t\t\t\t<\/div>\n\t\t\t\t<div class=\"elementor-element elementor-element-28cc492 elementor-widget elementor-widget-spacer\" data-id=\"28cc492\" data-element_type=\"widget\" data-widget_type=\"spacer.default\">\n\t\t\t\t<div class=\"elementor-widget-container\">\n\t\t\t\t\t<div class=\"elementor-spacer\">\n\t\t\t<div class=\"elementor-spacer-inner\"><\/div>\n\t\t<\/div>\n\t\t\t\t<\/div>\n\t\t\t\t<\/div>\n\t\t\t\t\t<\/div>\n\t\t<\/div>\n\t\t\t\t\t\t\t<\/div>\n\t\t<\/section>\n\t\t\t\t\t\t\t<\/div>\n\t\t","protected":false},"excerpt":{"rendered":"<p>Ipega 9082 AR vibro joystick game gun se usa principalmente para el uso en juegos con conexi\u00f3n Bluetooth en sistema Android \/ Switch \/ Win 7\/8\/10.<\/p>\n","protected":false},"featured_media":352,"template":"","meta":[],"product_cat":[43],"product_tag":[],"yoast_head":"<!-- This site is optimized with the Yoast SEO plugin v21.7 - https:\/\/yoast.com\/wordpress\/plugins\/seo\/ -->\n<title>9062s Black Gladiator Bluetooth &#8211; ipega<\/title>\n<meta name=\"robots\" content=\"index, follow, max-snippet:-1, max-image-preview:large, max-video-preview:-1\" \/>\n<link rel=\"canonical\" href=\"https:\/\/ipega.ar\/?product=9062s\" \/>\n<meta property=\"og:locale\" content=\"es_ES\" \/>\n<meta property=\"og:type\" content=\"article\" \/>\n<meta property=\"og:title\" content=\"9062s Black Gladiator Bluetooth &#8211; ipega\" \/>\n<meta property=\"og:description\" content=\"Ipega 9082 AR vibro joystick game gun se usa principalmente para el uso en juegos con conexi\u00f3n Bluetooth en sistema Android \/ Switch \/ Win 7\/8\/10.\" \/>\n<meta property=\"og:url\" content=\"https:\/\/ipega.ar\/?product=9062s\" \/>\n<meta property=\"og:site_name\" content=\"ipega\" \/>\n<meta property=\"article:publisher\" content=\"https:\/\/www.facebook.com\/ipegaoficial\/\" \/>\n<meta property=\"article:modified_time\" content=\"2020-04-30T00:56:30+00:00\" \/>\n<meta property=\"og:image\" content=\"https:\/\/ipega.ar\/wp-content\/uploads\/2019\/05\/9062-1.jpg\" \/>\n\t<meta property=\"og:image:width\" content=\"800\" \/>\n\t<meta property=\"og:image:height\" content=\"800\" \/>\n\t<meta property=\"og:image:type\" content=\"image\/jpeg\" \/>\n<meta name=\"twitter:card\" content=\"summary_large_image\" \/>\n<meta name=\"twitter:label1\" content=\"Tiempo de lectura\" \/>\n\t<meta name=\"twitter:data1\" content=\"1 minuto\" \/>\n<script type=\"application\/ld+json\" class=\"yoast-schema-graph\">{\"@context\":\"https:\/\/schema.org\",\"@graph\":[{\"@type\":\"WebPage\",\"@id\":\"https:\/\/ipega.ar\/?product=9062s\",\"url\":\"https:\/\/ipega.ar\/?product=9062s\",\"name\":\"9062s Black Gladiator Bluetooth &#8211; ipega\",\"isPartOf\":{\"@id\":\"https:\/\/ipega.ar\/#website\"},\"datePublished\":\"2019-05-15T11:57:28+00:00\",\"dateModified\":\"2020-04-30T00:56:30+00:00\",\"breadcrumb\":{\"@id\":\"https:\/\/ipega.ar\/?product=9062s#breadcrumb\"},\"inLanguage\":\"es\",\"potentialAction\":[{\"@type\":\"ReadAction\",\"target\":[\"https:\/\/ipega.ar\/?product=9062s\"]}]},{\"@type\":\"BreadcrumbList\",\"@id\":\"https:\/\/ipega.ar\/?product=9062s#breadcrumb\",\"itemListElement\":[{\"@type\":\"ListItem\",\"position\":1,\"name\":\"Portada\",\"item\":\"https:\/\/ipega.ar\/\"},{\"@type\":\"ListItem\",\"position\":2,\"name\":\"Tienda\",\"item\":\"https:\/\/ipega.ar\/?page_id=9\"},{\"@type\":\"ListItem\",\"position\":3,\"name\":\"9062s Black Gladiator Bluetooth\"}]},{\"@type\":\"WebSite\",\"@id\":\"https:\/\/ipega.ar\/#website\",\"url\":\"https:\/\/ipega.ar\/\",\"name\":\"ipega\",\"description\":\"GAMEPADS PARA VOS\",\"publisher\":{\"@id\":\"https:\/\/ipega.ar\/#organization\"},\"potentialAction\":[{\"@type\":\"SearchAction\",\"target\":{\"@type\":\"EntryPoint\",\"urlTemplate\":\"https:\/\/ipega.ar\/?s={search_term_string}\"},\"query-input\":\"required name=search_term_string\"}],\"inLanguage\":\"es\"},{\"@type\":\"Organization\",\"@id\":\"https:\/\/ipega.ar\/#organization\",\"name\":\"ipega\",\"url\":\"https:\/\/ipega.ar\/\",\"logo\":{\"@type\":\"ImageObject\",\"inLanguage\":\"es\",\"@id\":\"https:\/\/ipega.ar\/#\/schema\/logo\/image\/\",\"url\":\"https:\/\/ipega.ar\/wp-content\/uploads\/2019\/05\/Logo-mobile.png\",\"contentUrl\":\"https:\/\/ipega.ar\/wp-content\/uploads\/2019\/05\/Logo-mobile.png\",\"width\":150,\"height\":72,\"caption\":\"ipega\"},\"image\":{\"@id\":\"https:\/\/ipega.ar\/#\/schema\/logo\/image\/\"},\"sameAs\":[\"https:\/\/www.facebook.com\/ipegaoficial\/\",\"https:\/\/www.instagram.com\/ipegaoficial\/\"]}]}<\/script>\n<!-- \/ Yoast SEO plugin. -->","yoast_head_json":{"title":"9062s Black Gladiator Bluetooth &#8211; ipega","robots":{"index":"index","follow":"follow","max-snippet":"max-snippet:-1","max-image-preview":"max-image-preview:large","max-video-preview":"max-video-preview:-1"},"canonical":"https:\/\/ipega.ar\/?product=9062s","og_locale":"es_ES","og_type":"article","og_title":"9062s Black Gladiator Bluetooth &#8211; ipega","og_description":"Ipega 9082 AR vibro joystick game gun se usa principalmente para el uso en juegos con conexi\u00f3n Bluetooth en sistema Android \/ Switch \/ Win 7\/8\/10.","og_url":"https:\/\/ipega.ar\/?product=9062s","og_site_name":"ipega","article_publisher":"https:\/\/www.facebook.com\/ipegaoficial\/","article_modified_time":"2020-04-30T00:56:30+00:00","og_image":[{"width":800,"height":800,"url":"https:\/\/ipega.ar\/wp-content\/uploads\/2019\/05\/9062-1.jpg","type":"image\/jpeg"}],"twitter_card":"summary_large_image","twitter_misc":{"Tiempo de lectura":"1 minuto"},"schema":{"@context":"https:\/\/schema.org","@graph":[{"@type":"WebPage","@id":"https:\/\/ipega.ar\/?product=9062s","url":"https:\/\/ipega.ar\/?product=9062s","name":"9062s Black Gladiator Bluetooth &#8211; ipega","isPartOf":{"@id":"https:\/\/ipega.ar\/#website"},"datePublished":"2019-05-15T11:57:28+00:00","dateModified":"2020-04-30T00:56:30+00:00","breadcrumb":{"@id":"https:\/\/ipega.ar\/?product=9062s#breadcrumb"},"inLanguage":"es","potentialAction":[{"@type":"ReadAction","target":["https:\/\/ipega.ar\/?product=9062s"]}]},{"@type":"BreadcrumbList","@id":"https:\/\/ipega.ar\/?product=9062s#breadcrumb","itemListElement":[{"@type":"ListItem","position":1,"name":"Portada","item":"https:\/\/ipega.ar\/"},{"@type":"ListItem","position":2,"name":"Tienda","item":"https:\/\/ipega.ar\/?page_id=9"},{"@type":"ListItem","position":3,"name":"9062s Black Gladiator Bluetooth"}]},{"@type":"WebSite","@id":"https:\/\/ipega.ar\/#website","url":"https:\/\/ipega.ar\/","name":"ipega","description":"GAMEPADS PARA VOS","publisher":{"@id":"https:\/\/ipega.ar\/#organization"},"potentialAction":[{"@type":"SearchAction","target":{"@type":"EntryPoint","urlTemplate":"https:\/\/ipega.ar\/?s={search_term_string}"},"query-input":"required name=search_term_string"}],"inLanguage":"es"},{"@type":"Organization","@id":"https:\/\/ipega.ar\/#organization","name":"ipega","url":"https:\/\/ipega.ar\/","logo":{"@type":"ImageObject","inLanguage":"es","@id":"https:\/\/ipega.ar\/#\/schema\/logo\/image\/","url":"https:\/\/ipega.ar\/wp-content\/uploads\/2019\/05\/Logo-mobile.png","contentUrl":"https:\/\/ipega.ar\/wp-content\/uploads\/2019\/05\/Logo-mobile.png","width":150,"height":72,"caption":"ipega"},"image":{"@id":"https:\/\/ipega.ar\/#\/schema\/logo\/image\/"},"sameAs":["https:\/\/www.facebook.com\/ipegaoficial\/","https:\/\/www.instagram.com\/ipegaoficial\/"]}]}},"_links":{"self":[{"href":"https:\/\/ipega.ar\/index.php?rest_route=\/wp\/v2\/product\/351"}],"collection":[{"href":"https:\/\/ipega.ar\/index.php?rest_route=\/wp\/v2\/product"}],"about":[{"href":"https:\/\/ipega.ar\/index.php?rest_route=\/wp\/v2\/types\/product"}],"version-history":[{"count":8,"href":"https:\/\/ipega.ar\/index.php?rest_route=\/wp\/v2\/product\/351\/revisions"}],"predecessor-version":[{"id":4648,"href":"https:\/\/ipega.ar\/index.php?rest_route=\/wp\/v2\/product\/351\/revisions\/4648"}],"wp:featuredmedia":[{"embeddable":true,"href":"https:\/\/ipega.ar\/index.php?rest_route=\/wp\/v2\/media\/352"}],"wp:attachment":[{"href":"https:\/\/ipega.ar\/index.php?rest_route=%2Fwp%2Fv2%2Fmedia&parent=351"}],"wp:term":[{"taxonomy":"product_cat","embeddable":true,"href":"https:\/\/ipega.ar\/index.php?rest_route=%2Fwp%2Fv2%2Fproduct_cat&post=351"},{"taxonomy":"product_tag","embeddable":true,"href":"https:\/\/ipega.ar\/index.php?rest_route=%2Fwp%2Fv2%2Fproduct_tag&post=351"}],"curies":[{"name":"wp","href":"https:\/\/api.w.org\/{rel}","templated":true}]}}